{"id":1087,"date":"2024-06-26T15:41:12","date_gmt":"2024-06-26T18:41:12","guid":{"rendered":"https:\/\/www.mmpersonalizados.com.br\/novosite\/?page_id=1087"},"modified":"2025-07-01T08:49:50","modified_gmt":"2025-07-01T11:49:50","slug":"downloads","status":"publish","type":"page","link":"https:\/\/admcopy.com.br\/index.php\/downloads\/","title":{"rendered":"Downloads"},"content":{"rendered":"\t\t<div data-elementor-type=\"wp-page\" data-elementor-id=\"1087\" class=\"elementor elementor-1087\">\n\t\t\t\t<div class=\"elementor-element elementor-element-9028a72 e-flex e-con-boxed e-con e-child\" data-id=\"9028a72\" data-element_type=\"container\" data-settings=\"{&quot;animation&quot;:&quot;none&quot;,&quot;_ha_eqh_enable&quot;:false}\">\n\t\t\t\t\t<div class=\"e-con-inner\">\n\t\t\t\t\t<\/div>\n\t\t\t\t<\/div>\n\t\t<div class=\"elementor-element elementor-element-e90eadd e-flex e-con-boxed e-con e-child\" data-id=\"e90eadd\" data-element_type=\"container\" data-settings=\"{&quot;animation&quot;:&quot;none&quot;,&quot;_ha_eqh_enable&quot;:false}\">\n\t\t\t\t\t<div class=\"e-con-inner\">\n\t\t<div class=\"elementor-element elementor-element-fe634e7 e-grid e-con-full e-con e-child\" data-id=\"fe634e7\" data-element_type=\"container\" data-settings=\"{&quot;_ha_eqh_enable&quot;:false}\">\n\t\t\t\t<div class=\"elementor-element elementor-element-dea797c elementor-position-top elementor-widget elementor-widget-image-box\" data-id=\"dea797c\" data-element_type=\"widget\" data-widget_type=\"image-box.default\">\n\t\t\t\t<div class=\"elementor-widget-container\">\n\t\t\t<style>\/*! elementor - v3.22.0 - 26-06-2024 *\/\n.elementor-widget-image-box .elementor-image-box-content{width:100%}@media (min-width:768px){.elementor-widget-image-box.elementor-position-left .elementor-image-box-wrapper,.elementor-widget-image-box.elementor-position-right .elementor-image-box-wrapper{display:flex}.elementor-widget-image-box.elementor-position-right .elementor-image-box-wrapper{text-align:end;flex-direction:row-reverse}.elementor-widget-image-box.elementor-position-left .elementor-image-box-wrapper{text-align:start;flex-direction:row}.elementor-widget-image-box.elementor-position-top .elementor-image-box-img{margin:auto}.elementor-widget-image-box.elementor-vertical-align-top .elementor-image-box-wrapper{align-items:flex-start}.elementor-widget-image-box.elementor-vertical-align-middle .elementor-image-box-wrapper{align-items:center}.elementor-widget-image-box.elementor-vertical-align-bottom .elementor-image-box-wrapper{align-items:flex-end}}@media (max-width:767px){.elementor-widget-image-box .elementor-image-box-img{margin-left:auto!important;margin-right:auto!important;margin-bottom:15px}}.elementor-widget-image-box .elementor-image-box-img{display:inline-block}.elementor-widget-image-box .elementor-image-box-title a{color:inherit}.elementor-widget-image-box .elementor-image-box-wrapper{text-align:center}.elementor-widget-image-box .elementor-image-box-description{margin:0}<\/style><div class=\"elementor-image-box-wrapper\"><figure class=\"elementor-image-box-img\"><a href=\"https:\/\/www.admcopy.com.br\/arq_site\/SQLEXPR2014_64.zip\" tabindex=\"-1\"><img decoding=\"async\" width=\"150\" height=\"150\" src=\"https:\/\/admcopy.com.br\/wp-content\/uploads\/2024\/06\/SQL-Server-2.png\" class=\"attachment-2048x2048 size-2048x2048 wp-image-1102\" alt=\"\" \/><\/a><\/figure><div class=\"elementor-image-box-content\"><h3 class=\"elementor-image-box-title\"><a href=\"https:\/\/www.admcopy.com.br\/arq_site\/SQLEXPR2014_64.zip\">SQL 2014 64 BITS<\/a><\/h3><p class=\"elementor-image-box-description\">Servidor Banco de Dados SQL<\/p><\/div><\/div>\t\t<\/div>\n\t\t\t\t<\/div>\n\t\t\t\t<div class=\"elementor-element elementor-element-65e39a0 elementor-position-top elementor-widget elementor-widget-image-box\" data-id=\"65e39a0\" data-element_type=\"widget\" data-widget_type=\"image-box.default\">\n\t\t\t\t<div class=\"elementor-widget-container\">\n\t\t\t<div class=\"elementor-image-box-wrapper\"><figure class=\"elementor-image-box-img\"><a href=\"https:\/\/www.admcopy.com.br\/arq_site\/sql_2017.zip\" tabindex=\"-1\"><img decoding=\"async\" width=\"150\" height=\"150\" src=\"https:\/\/admcopy.com.br\/wp-content\/uploads\/2024\/06\/SQL-Server-2.png\" class=\"attachment-2048x2048 size-2048x2048 wp-image-1102\" alt=\"\" \/><\/a><\/figure><div class=\"elementor-image-box-content\"><h3 class=\"elementor-image-box-title\"><a href=\"https:\/\/www.admcopy.com.br\/arq_site\/sql_2017.zip\">SQL 2017 64 BITS<\/a><\/h3><p class=\"elementor-image-box-description\">Servidor Banco de Dados SQL<\/p><\/div><\/div>\t\t<\/div>\n\t\t\t\t<\/div>\n\t\t\t\t<div class=\"elementor-element elementor-element-1270dcc elementor-position-top elementor-widget elementor-widget-image-box\" data-id=\"1270dcc\" data-element_type=\"widget\" data-widget_type=\"image-box.default\">\n\t\t\t\t<div class=\"elementor-widget-container\">\n\t\t\t<div class=\"elementor-image-box-wrapper\"><figure class=\"elementor-image-box-img\"><a href=\"https:\/\/www.admcopy.com.br\/arq_site\/SQLEXPR2019.rar\" tabindex=\"-1\"><img decoding=\"async\" width=\"150\" height=\"150\" src=\"https:\/\/admcopy.com.br\/wp-content\/uploads\/2024\/06\/SQL-Server-2.png\" class=\"attachment-2048x2048 size-2048x2048 wp-image-1102\" alt=\"\" \/><\/a><\/figure><div class=\"elementor-image-box-content\"><h3 class=\"elementor-image-box-title\"><a href=\"https:\/\/www.admcopy.com.br\/arq_site\/SQLEXPR2019.rar\">SQL 2019 64 BITS<\/a><\/h3><p class=\"elementor-image-box-description\">Servidor Banco de Dados SQL<\/p><\/div><\/div>\t\t<\/div>\n\t\t\t\t<\/div>\n\t\t\t\t<div class=\"elementor-element elementor-element-22da1dc elementor-position-top elementor-widget elementor-widget-image-box\" data-id=\"22da1dc\" data-element_type=\"widget\" data-widget_type=\"image-box.default\">\n\t\t\t\t<div class=\"elementor-widget-container\">\n\t\t\t<div class=\"elementor-image-box-wrapper\"><figure class=\"elementor-image-box-img\"><a href=\"https:\/\/www.admcopy.com.br\/arq_site\/SQLEXPR2022.zip\" tabindex=\"-1\"><img decoding=\"async\" width=\"150\" height=\"150\" src=\"https:\/\/admcopy.com.br\/wp-content\/uploads\/2024\/06\/SQL-Server-2.png\" class=\"attachment-2048x2048 size-2048x2048 wp-image-1102\" alt=\"\" \/><\/a><\/figure><div class=\"elementor-image-box-content\"><h3 class=\"elementor-image-box-title\"><a href=\"https:\/\/www.admcopy.com.br\/arq_site\/SQLEXPR2022.zip\">SQL 2022 64 BITS<\/a><\/h3><p class=\"elementor-image-box-description\">Servidor Banco de Dados SQL<\/p><\/div><\/div>\t\t<\/div>\n\t\t\t\t<\/div>\n\t\t\t\t<div class=\"elementor-element elementor-element-a3b18b2 elementor-position-top elementor-widget elementor-widget-image-box\" data-id=\"a3b18b2\" data-element_type=\"widget\" data-widget_type=\"image-box.default\">\n\t\t\t\t<div class=\"elementor-widget-container\">\n\t\t\t<div class=\"elementor-image-box-wrapper\"><figure class=\"elementor-image-box-img\"><a href=\"https:\/\/www.admcopy.com.br\/arq_site\/StudioManager19.rar\" tabindex=\"-1\"><img fetchpriority=\"high\" decoding=\"async\" width=\"684\" height=\"606\" src=\"https:\/\/admcopy.com.br\/wp-content\/uploads\/2025\/07\/Studio-Mananger.png\" class=\"attachment-2048x2048 size-2048x2048 wp-image-2789\" alt=\"\" srcset=\"https:\/\/admcopy.com.br\/wp-content\/uploads\/2025\/07\/Studio-Mananger.png 684w, https:\/\/admcopy.com.br\/wp-content\/uploads\/2025\/07\/Studio-Mananger-300x266.png 300w\" sizes=\"(max-width: 684px) 100vw, 684px\" \/><\/a><\/figure><div class=\"elementor-image-box-content\"><h3 class=\"elementor-image-box-title\"><a href=\"https:\/\/www.admcopy.com.br\/arq_site\/StudioManager19.rar\">MANAGEMENT STUDIO<\/a><\/h3><p class=\"elementor-image-box-description\">SQL Server Management Studio<\/p><\/div><\/div>\t\t<\/div>\n\t\t\t\t<\/div>\n\t\t\t\t<div class=\"elementor-element elementor-element-506c37c elementor-position-top elementor-widget elementor-widget-image-box\" data-id=\"506c37c\" data-element_type=\"widget\" data-widget_type=\"image-box.default\">\n\t\t\t\t<div class=\"elementor-widget-container\">\n\t\t\t<div class=\"elementor-image-box-wrapper\"><figure class=\"elementor-image-box-img\"><a href=\"https:\/\/www.admcopy.com.br\/arq_site\/AnyDesk.zip\" tabindex=\"-1\"><img decoding=\"async\" width=\"150\" height=\"150\" src=\"https:\/\/admcopy.com.br\/wp-content\/uploads\/2024\/06\/AnyDesk-1.png\" class=\"attachment-2048x2048 size-2048x2048 wp-image-1096\" alt=\"\" \/><\/a><\/figure><div class=\"elementor-image-box-content\"><h3 class=\"elementor-image-box-title\"><a href=\"https:\/\/www.admcopy.com.br\/arq_site\/AnyDesk.zip\">ACESSO REMOTO ANYDESK<\/a><\/h3><p class=\"elementor-image-box-description\">Acesso Remoto<\/p><\/div><\/div>\t\t<\/div>\n\t\t\t\t<\/div>\n\t\t\t\t<div class=\"elementor-element elementor-element-0ede71e elementor-position-top elementor-widget elementor-widget-image-box\" data-id=\"0ede71e\" data-element_type=\"widget\" data-widget_type=\"image-box.default\">\n\t\t\t\t<div class=\"elementor-widget-container\">\n\t\t\t<div class=\"elementor-image-box-wrapper\"><figure class=\"elementor-image-box-img\"><a href=\"https:\/\/drive.google.com\/file\/d\/1IjpJemLXT7fZQVE2TmqhKi0EWgT-eBkC\/view?usp=drive_link\" tabindex=\"-1\"><img loading=\"lazy\" decoding=\"async\" width=\"450\" height=\"400\" src=\"https:\/\/admcopy.com.br\/wp-content\/uploads\/2024\/06\/Logo_Admsmart-1.jpg\" class=\"attachment-2048x2048 size-2048x2048 wp-image-1110\" alt=\"\" srcset=\"https:\/\/admcopy.com.br\/wp-content\/uploads\/2024\/06\/Logo_Admsmart-1.jpg 450w, https:\/\/admcopy.com.br\/wp-content\/uploads\/2024\/06\/Logo_Admsmart-1-300x267.jpg 300w\" sizes=\"(max-width: 450px) 100vw, 450px\" \/><\/a><\/figure><div class=\"elementor-image-box-content\"><h3 class=\"elementor-image-box-title\"><a href=\"https:\/\/drive.google.com\/file\/d\/1IjpJemLXT7fZQVE2TmqhKi0EWgT-eBkC\/view?usp=drive_link\">ADMSMART<\/a><\/h3><p class=\"elementor-image-box-description\">App ADMSmart<\/p><\/div><\/div>\t\t<\/div>\n\t\t\t\t<\/div>\n\t\t\t\t<div class=\"elementor-element elementor-element-b4e52d4 elementor-position-top elementor-widget elementor-widget-image-box\" data-id=\"b4e52d4\" data-element_type=\"widget\" data-widget_type=\"image-box.default\">\n\t\t\t\t<div class=\"elementor-widget-container\">\n\t\t\t<div class=\"elementor-image-box-wrapper\"><figure class=\"elementor-image-box-img\"><a href=\"https:\/\/www.admcopy.com.br\/arq_site\/winrar32.zip\" tabindex=\"-1\"><img loading=\"lazy\" decoding=\"async\" width=\"150\" height=\"150\" src=\"https:\/\/admcopy.com.br\/wp-content\/uploads\/2024\/07\/Winrar.png\" class=\"attachment-2048x2048 size-2048x2048 wp-image-2181\" alt=\"\" \/><\/a><\/figure><div class=\"elementor-image-box-content\"><h3 class=\"elementor-image-box-title\"><a href=\"https:\/\/www.admcopy.com.br\/arq_site\/winrar32.zip\">WINRAR 32 BITS<\/a><\/h3><p class=\"elementor-image-box-description\">Compactar e Descompactar Arquivos<\/p><\/div><\/div>\t\t<\/div>\n\t\t\t\t<\/div>\n\t\t\t\t<div class=\"elementor-element elementor-element-89725ec elementor-position-top elementor-widget elementor-widget-image-box\" data-id=\"89725ec\" data-element_type=\"widget\" data-widget_type=\"image-box.default\">\n\t\t\t\t<div class=\"elementor-widget-container\">\n\t\t\t<div class=\"elementor-image-box-wrapper\"><figure class=\"elementor-image-box-img\"><a href=\"https:\/\/www.admcopy.com.br\/arq_site\/winrar64.zip\" tabindex=\"-1\"><img loading=\"lazy\" decoding=\"async\" width=\"150\" height=\"150\" src=\"https:\/\/admcopy.com.br\/wp-content\/uploads\/2024\/07\/Winrar.png\" class=\"attachment-2048x2048 size-2048x2048 wp-image-2181\" alt=\"\" \/><\/a><\/figure><div class=\"elementor-image-box-content\"><h3 class=\"elementor-image-box-title\"><a href=\"https:\/\/www.admcopy.com.br\/arq_site\/winrar64.zip\">WINRAR 64 BITS<\/a><\/h3><p class=\"elementor-image-box-description\">Compactar e Descompactar Arquivos<\/p><\/div><\/div>\t\t<\/div>\n\t\t\t\t<\/div>\n\t\t\t\t<div class=\"elementor-element elementor-element-93d41dc elementor-position-top elementor-widget elementor-widget-image-box\" data-id=\"93d41dc\" data-element_type=\"widget\" data-widget_type=\"image-box.default\">\n\t\t\t\t<div class=\"elementor-widget-container\">\n\t\t\t<div class=\"elementor-image-box-wrapper\"><figure class=\"elementor-image-box-img\"><a href=\"https:\/\/www.admcopy.com.br\/arq_site\/PrintScreen32.zip\" tabindex=\"-1\"><img loading=\"lazy\" decoding=\"async\" width=\"150\" height=\"132\" src=\"https:\/\/admcopy.com.br\/wp-content\/uploads\/2024\/06\/Print-Screen-1.png\" class=\"attachment-2048x2048 size-2048x2048 wp-image-1099\" alt=\"\" \/><\/a><\/figure><div class=\"elementor-image-box-content\"><h3 class=\"elementor-image-box-title\"><a href=\"https:\/\/www.admcopy.com.br\/arq_site\/PrintScreen32.zip\">PRINT SCREEN 32 BITS<\/a><\/h3><p class=\"elementor-image-box-description\">Capturar Tela<\/p><\/div><\/div>\t\t<\/div>\n\t\t\t\t<\/div>\n\t\t\t\t<div class=\"elementor-element elementor-element-5bbde7b elementor-position-top elementor-widget elementor-widget-image-box\" data-id=\"5bbde7b\" data-element_type=\"widget\" data-widget_type=\"image-box.default\">\n\t\t\t\t<div class=\"elementor-widget-container\">\n\t\t\t<div class=\"elementor-image-box-wrapper\"><figure class=\"elementor-image-box-img\"><a href=\"https:\/\/www.admcopy.com.br\/arq_site\/PrintScreen64.zip\" tabindex=\"-1\"><img loading=\"lazy\" decoding=\"async\" width=\"150\" height=\"132\" src=\"https:\/\/admcopy.com.br\/wp-content\/uploads\/2024\/06\/Print-Screen-1.png\" class=\"attachment-2048x2048 size-2048x2048 wp-image-1099\" alt=\"\" \/><\/a><\/figure><div class=\"elementor-image-box-content\"><h3 class=\"elementor-image-box-title\"><a href=\"https:\/\/www.admcopy.com.br\/arq_site\/PrintScreen64.zip\">PRINT SCREEN 64 BITS<\/a><\/h3><p class=\"elementor-image-box-description\">Capturar Tela<\/p><\/div><\/div>\t\t<\/div>\n\t\t\t\t<\/div>\n\t\t\t\t<div class=\"elementor-element elementor-element-42bb21d elementor-position-top elementor-widget elementor-widget-image-box\" data-id=\"42bb21d\" data-element_type=\"widget\" data-widget_type=\"image-box.default\">\n\t\t\t\t<div class=\"elementor-widget-container\">\n\t\t\t<div class=\"elementor-image-box-wrapper\"><figure class=\"elementor-image-box-img\"><a href=\"https:\/\/www.admcopy.com.br\/arq_site\/AcrobatReader.zip\" tabindex=\"-1\"><img loading=\"lazy\" decoding=\"async\" width=\"150\" height=\"145\" src=\"https:\/\/admcopy.com.br\/wp-content\/uploads\/2024\/06\/PDF-1.png\" class=\"attachment-2048x2048 size-2048x2048 wp-image-1098\" alt=\"\" \/><\/a><\/figure><div class=\"elementor-image-box-content\"><h3 class=\"elementor-image-box-title\"><a href=\"https:\/\/www.admcopy.com.br\/arq_site\/AcrobatReader.zip\">Leitor PDF 32\/64bit<\/a><\/h3><p class=\"elementor-image-box-description\">Leitor de Arquivo PDF<\/p><\/div><\/div>\t\t<\/div>\n\t\t\t\t<\/div>\n\t\t\t\t<div class=\"elementor-element elementor-element-faa5806 elementor-position-top elementor-widget elementor-widget-image-box\" data-id=\"faa5806\" data-element_type=\"widget\" data-widget_type=\"image-box.default\">\n\t\t\t\t<div class=\"elementor-widget-container\">\n\t\t\t<div class=\"elementor-image-box-wrapper\"><figure class=\"elementor-image-box-img\"><a href=\"https:\/\/www.admcopy.com.br\/arq_site\/Chrome64.zip\" tabindex=\"-1\"><img loading=\"lazy\" decoding=\"async\" width=\"149\" height=\"136\" src=\"https:\/\/admcopy.com.br\/wp-content\/uploads\/2024\/06\/Chrome-1.png\" class=\"attachment-2048x2048 size-2048x2048 wp-image-1097\" alt=\"\" \/><\/a><\/figure><div class=\"elementor-image-box-content\"><h3 class=\"elementor-image-box-title\"><a href=\"https:\/\/www.admcopy.com.br\/arq_site\/Chrome64.zip\">Chrome 64bits<\/a><\/h3><p class=\"elementor-image-box-description\">Navegador de Internet Chrome<\/p><\/div><\/div>\t\t<\/div>\n\t\t\t\t<\/div>\n\t\t\t\t<div class=\"elementor-element elementor-element-da23689 elementor-position-top elementor-widget elementor-widget-image-box\" data-id=\"da23689\" data-element_type=\"widget\" data-widget_type=\"image-box.default\">\n\t\t\t\t<div class=\"elementor-widget-container\">\n\t\t\t<div class=\"elementor-image-box-wrapper\"><figure class=\"elementor-image-box-img\"><a href=\"https:\/\/www.admcopy.com.br\/arq_site\/SQLBackup.zip\" tabindex=\"-1\"><img loading=\"lazy\" decoding=\"async\" width=\"150\" height=\"150\" src=\"https:\/\/admcopy.com.br\/wp-content\/uploads\/2024\/06\/SQL-Backup-2.png\" class=\"attachment-2048x2048 size-2048x2048 wp-image-1100\" alt=\"\" \/><\/a><\/figure><div class=\"elementor-image-box-content\"><h3 class=\"elementor-image-box-title\"><a href=\"https:\/\/www.admcopy.com.br\/arq_site\/SQLBackup.zip\">SQL BACKUP<\/a><\/h3><p class=\"elementor-image-box-description\">Backup Banco de Dados SQL<\/p><\/div><\/div>\t\t<\/div>\n\t\t\t\t<\/div>\n\t\t\t\t<\/div>\n\t\t\t\t\t<\/div>\n\t\t\t\t<\/div>\n\t\t<div class=\"elementor-element elementor-element-f59adb1 e-flex e-con-boxed e-con e-parent\" data-id=\"f59adb1\" data-element_type=\"container\" data-settings=\"{&quot;background_background&quot;:&quot;classic&quot;,&quot;shape_divider_top&quot;:&quot;opacity-tilt&quot;,&quot;_ha_eqh_enable&quot;:false}\">\n\t\t\t\t\t<div class=\"e-con-inner\">\n\t\t\t\t<div class=\"elementor-shape elementor-shape-top\" data-negative=\"false\">\n\t\t\t<svg xmlns=\"http:\/\/www.w3.org\/2000\/svg\" viewBox=\"0 0 2600 131.1\" preserveAspectRatio=\"none\">\n\t<path class=\"elementor-shape-fill\" d=\"M0 0L2600 0 2600 69.1 0 0z\"\/>\n\t<path class=\"elementor-shape-fill\" style=\"opacity:0.5\" d=\"M0 0L2600 0 2600 69.1 0 69.1z\"\/>\n\t<path class=\"elementor-shape-fill\" style=\"opacity:0.25\" d=\"M2600 0L0 0 0 130.1 2600 69.1z\"\/>\n<\/svg>\t\t<\/div>\n\t\t<div class=\"elementor-element elementor-element-6385ab5 e-flex e-con-boxed e-con e-child\" data-id=\"6385ab5\" data-element_type=\"container\" data-settings=\"{&quot;background_background&quot;:&quot;classic&quot;,&quot;_ha_eqh_enable&quot;:false}\">\n\t\t\t\t\t<div class=\"e-con-inner\">\n\t\t<div class=\"elementor-element elementor-element-9c238c1 e-con-full e-flex e-con e-child\" data-id=\"9c238c1\" data-element_type=\"container\" data-settings=\"{&quot;background_background&quot;:&quot;classic&quot;,&quot;_ha_eqh_enable&quot;:false}\">\n\t\t<div class=\"elementor-element elementor-element-4326717 e-con-full e-flex e-con e-child\" data-id=\"4326717\" data-element_type=\"container\" data-settings=\"{&quot;_ha_eqh_enable&quot;:false}\">\n\t\t\t\t<div class=\"elementor-element elementor-element-1b027d8 elementor-widget elementor-widget-heading\" data-id=\"1b027d8\" data-element_type=\"widget\" data-widget_type=\"heading.default\">\n\t\t\t\t<div class=\"elementor-widget-container\">\n\t\t\t<style>\/*! elementor - v3.22.0 - 26-06-2024 *\/\n.elementor-heading-title{padding:0;margin:0;line-height:1}.elementor-widget-heading .elementor-heading-title[class*=elementor-size-]>a{color:inherit;font-size:inherit;line-height:inherit}.elementor-widget-heading .elementor-heading-title.elementor-size-small{font-size:15px}.elementor-widget-heading .elementor-heading-title.elementor-size-medium{font-size:19px}.elementor-widget-heading .elementor-heading-title.elementor-size-large{font-size:29px}.elementor-widget-heading .elementor-heading-title.elementor-size-xl{font-size:39px}.elementor-widget-heading .elementor-heading-title.elementor-size-xxl{font-size:59px}<\/style><h2 class=\"elementor-heading-title elementor-size-default\">Entre em contato<\/h2>\t\t<\/div>\n\t\t\t\t<\/div>\n\t\t\t\t<div class=\"elementor-element elementor-element-1632909 elementor-widget elementor-widget-text-editor\" data-id=\"1632909\" data-element_type=\"widget\" data-widget_type=\"text-editor.default\">\n\t\t\t\t<div class=\"elementor-widget-container\">\n\t\t\t<style>\/*! elementor - v3.22.0 - 26-06-2024 *\/\n.elementor-widget-text-editor.elementor-drop-cap-view-stacked .elementor-drop-cap{background-color:#69727d;color:#fff}.elementor-widget-text-editor.elementor-drop-cap-view-framed .elementor-drop-cap{color:#69727d;border:3px solid;background-color:transparent}.elementor-widget-text-editor:not(.elementor-drop-cap-view-default) .elementor-drop-cap{margin-top:8px}.elementor-widget-text-editor:not(.elementor-drop-cap-view-default) .elementor-drop-cap-letter{width:1em;height:1em}.elementor-widget-text-editor .elementor-drop-cap{float:left;text-align:center;line-height:1;font-size:50px}.elementor-widget-text-editor .elementor-drop-cap-letter{display:inline-block}<\/style>\t\t\t\t<p>Fale com a nossa Central de Atendimento para informa\u00e7\u00f5es sobre seguro<\/p><p><strong>(19) 3226-8802 \/ (19) 2117-7673<\/strong><\/p><p>Atendemos em todo o Brasil Atendimento de 2\u00ba a 6\u00ba das 8h \u00e0s 18h. Somente n\u00e3o atendemos em feriados nacionais.<\/p><p>Quer mandar uma mensagem?<br \/>Para d\u00favidas, solicita\u00e7\u00e3o, reclama\u00e7\u00e3o ou elogio.<\/p>\t\t\t\t\t\t<\/div>\n\t\t\t\t<\/div>\n\t\t\t\t<\/div>\n\t\t\t\t<\/div>\n\t\t<div class=\"elementor-element elementor-element-7c2604e e-con-full e-flex e-con e-child\" data-id=\"7c2604e\" data-element_type=\"container\" data-settings=\"{&quot;background_background&quot;:&quot;classic&quot;,&quot;_ha_eqh_enable&quot;:false}\">\n\t\t\t\t<div class=\"elementor-element elementor-element-73a9e43 elementor-widget elementor-widget-spacer\" data-id=\"73a9e43\" data-element_type=\"widget\" data-widget_type=\"spacer.default\">\n\t\t\t\t<div class=\"elementor-widget-container\">\n\t\t\t<style>\/*! elementor - v3.22.0 - 26-06-2024 *\/\n.elementor-column .elementor-spacer-inner{height:var(--spacer-size)}.e-con{--container-widget-width:100%}.e-con-inner>.elementor-widget-spacer,.e-con>.elementor-widget-spacer{width:var(--container-widget-width,var(--spacer-size));--align-self:var(--container-widget-align-self,initial);--flex-shrink:0}.e-con-inner>.elementor-widget-spacer>.elementor-widget-container,.e-con>.elementor-widget-spacer>.elementor-widget-container{height:100%;width:100%}.e-con-inner>.elementor-widget-spacer>.elementor-widget-container>.elementor-spacer,.e-con>.elementor-widget-spacer>.elementor-widget-container>.elementor-spacer{height:100%}.e-con-inner>.elementor-widget-spacer>.elementor-widget-container>.elementor-spacer>.elementor-spacer-inner,.e-con>.elementor-widget-spacer>.elementor-widget-container>.elementor-spacer>.elementor-spacer-inner{height:var(--container-widget-height,var(--spacer-size))}.e-con-inner>.elementor-widget-spacer.elementor-widget-empty,.e-con>.elementor-widget-spacer.elementor-widget-empty{position:relative;min-height:22px;min-width:22px}.e-con-inner>.elementor-widget-spacer.elementor-widget-empty .elementor-widget-empty-icon,.e-con>.elementor-widget-spacer.elementor-widget-empty .elementor-widget-empty-icon{position:absolute;top:0;bottom:0;left:0;right:0;margin:auto;padding:0;width:22px;height:22px}<\/style>\t\t<div class=\"elementor-spacer\">\n\t\t\t<div class=\"elementor-spacer-inner\"><\/div>\n\t\t<\/div>\n\t\t\t\t<\/div>\n\t\t\t\t<\/div>\n\t\t\t\t<div class=\"elementor-element elementor-element-99a0b32 elementor-widget elementor-widget-shortcode\" data-id=\"99a0b32\" data-element_type=\"widget\" data-widget_type=\"shortcode.default\">\n\t\t\t\t<div class=\"elementor-widget-container\">\n\t\t\t\t\t<div class=\"elementor-shortcode\">\n<div class=\"wpcf7 no-js\" id=\"wpcf7-f2441-o1\" lang=\"pt-BR\" dir=\"ltr\">\n<div class=\"screen-reader-response\"><p role=\"status\" aria-live=\"polite\" aria-atomic=\"true\"><\/p> <ul><\/ul><\/div>\n<form action=\"\/index.php\/wp-json\/wp\/v2\/pages\/1087#wpcf7-f2441-o1\" method=\"post\" class=\"wpcf7-form init\" aria-label=\"Formul\u00e1rios de contato\" novalidate=\"novalidate\" data-status=\"init\">\n<div style=\"display: none;\">\n<input type=\"hidden\" name=\"_wpcf7\" value=\"2441\" \/>\n<input type=\"hidden\" name=\"_wpcf7_version\" value=\"5.9.6\" \/>\n<input type=\"hidden\" name=\"_wpcf7_locale\" value=\"pt_BR\" \/>\n<input type=\"hidden\" name=\"_wpcf7_unit_tag\" value=\"wpcf7-f2441-o1\" \/>\n<input type=\"hidden\" name=\"_wpcf7_container_post\" value=\"0\" \/>\n<input type=\"hidden\" name=\"_wpcf7_posted_data_hash\" value=\"\" \/>\n<input type=\"hidden\" name=\"_wpcf7_recaptcha_response\" value=\"\" \/>\n<\/div>\n<p><label> Seu nome<br \/>\n<span class=\"wpcf7-form-control-wrap\" data-name=\"your-name\"><input size=\"40\" maxlength=\"80\" class=\"wpcf7-form-control wpcf7-text wpcf7-validates-as-required\" autocomplete=\"name\" aria-required=\"true\" aria-invalid=\"false\" value=\"\" type=\"text\" name=\"your-name\" \/><\/span> <\/label>\n<\/p>\n<p><label> Seu e-mail<br \/>\n<span class=\"wpcf7-form-control-wrap\" data-name=\"your-email\"><input size=\"40\" maxlength=\"80\" class=\"wpcf7-form-control wpcf7-email wpcf7-validates-as-required wpcf7-text wpcf7-validates-as-email\" autocomplete=\"email\" aria-required=\"true\" aria-invalid=\"false\" value=\"\" type=\"email\" name=\"your-email\" \/><\/span> <\/label>\n<\/p>\n<p><label> Assunto<br \/>\n<span class=\"wpcf7-form-control-wrap\" data-name=\"your-subject\"><input size=\"40\" maxlength=\"80\" class=\"wpcf7-form-control wpcf7-text wpcf7-validates-as-required\" aria-required=\"true\" aria-invalid=\"false\" value=\"\" type=\"text\" name=\"your-subject\" \/><\/span> <\/label>\n<\/p>\n<p><label> Sua mensagem (opcional)<br \/>\n<span class=\"wpcf7-form-control-wrap\" data-name=\"your-message\"><textarea cols=\"40\" rows=\"10\" maxlength=\"400\" class=\"wpcf7-form-control wpcf7-textarea\" aria-invalid=\"false\" name=\"your-message\"><\/textarea><\/span> <\/label>\n<\/p>\n<p><input class=\"wpcf7-form-control wpcf7-submit has-spinner\" type=\"submit\" value=\"Enviar\" \/>\n<\/p><div class=\"wpcf7-response-output\" aria-hidden=\"true\"><\/div>\n<\/form>\n<\/div>\n<\/div>\n\t\t\t\t<\/div>\n\t\t\t\t<\/div>\n\t\t\t\t<\/div>\n\t\t\t\t\t<\/div>\n\t\t\t\t<\/div>\n\t\t\t\t\t<\/div>\n\t\t\t\t<\/div>\n\t\t\t\t<\/div>\n\t\t","protected":false},"excerpt":{"rendered":"<p>SQL 2014 64 BITS Servidor Banco de Dados SQL SQL 2017 64 BITS Servidor Banco de Dados SQL SQL 2019 64 BITS Servidor Banco de Dados SQL SQL 2022 64 BITS Servidor Banco de Dados SQL MANAGEMENT STUDIO SQL Server Management Studio ACESSO REMOTO ANYDESK Acesso Remoto ADMSMART App ADMSmart WINRAR 32 BITS Compactar e [&hellip;]<\/p>\n","protected":false},"author":1,"featured_media":0,"parent":0,"menu_order":0,"comment_status":"closed","ping_status":"closed","template":"","meta":{"_eb_attr":"","_joinchat":[],"footnotes":""},"class_list":["post-1087","page","type-page","status-publish","hentry"],"_links":{"self":[{"href":"https:\/\/admcopy.com.br\/index.php\/wp-json\/wp\/v2\/pages\/1087","targetHints":{"allow":["GET"]}}],"collection":[{"href":"https:\/\/admcopy.com.br\/index.php\/wp-json\/wp\/v2\/pages"}],"about":[{"href":"https:\/\/admcopy.com.br\/index.php\/wp-json\/wp\/v2\/types\/page"}],"author":[{"embeddable":true,"href":"https:\/\/admcopy.com.br\/index.php\/wp-json\/wp\/v2\/users\/1"}],"replies":[{"embeddable":true,"href":"https:\/\/admcopy.com.br\/index.php\/wp-json\/wp\/v2\/comments?post=1087"}],"version-history":[{"count":85,"href":"https:\/\/admcopy.com.br\/index.php\/wp-json\/wp\/v2\/pages\/1087\/revisions"}],"predecessor-version":[{"id":2795,"href":"https:\/\/admcopy.com.br\/index.php\/wp-json\/wp\/v2\/pages\/1087\/revisions\/2795"}],"wp:attachment":[{"href":"https:\/\/admcopy.com.br\/index.php\/wp-json\/wp\/v2\/media?parent=1087"}],"curies":[{"name":"wp","href":"https:\/\/api.w.org\/{rel}","templated":true}]}}